{"id":28,"date":"2025-05-18T07:56:04","date_gmt":"2025-05-18T07:56:04","guid":{"rendered":"https:\/\/studio-r.hu\/?page_id=28"},"modified":"2025-06-03T19:49:00","modified_gmt":"2025-06-03T19:49:00","slug":"idopontfoglalas","status":"publish","type":"page","link":"https:\/\/studio-r.hu\/?page_id=28","title":{"rendered":"Kapcsolat"},"content":{"rendered":"\t\t<div data-elementor-type=\"wp-page\" data-elementor-id=\"28\" class=\"elementor elementor-28\" data-elementor-post-type=\"page\">\n\t\t\t\t<div class=\"elementor-element elementor-element-e4085ac e-flex e-con-boxed e-con e-parent\" data-id=\"e4085ac\" data-element_type=\"container\" data-e-type=\"container\" data-settings=\"{&quot;background_background&quot;:&quot;gradient&quot;}\">\n\t\t\t\t\t<div class=\"e-con-inner\">\n\t\t\t\t<div class=\"elementor-element elementor-element-c433958 elementor-widget elementor-widget-heading\" data-id=\"c433958\" data-element_type=\"widget\" data-e-type=\"widget\" data-widget_type=\"heading.default\">\n\t\t\t\t<div class=\"elementor-widget-container\">\n\t\t\t\t\t<h2 class=\"elementor-heading-title elementor-size-default\">Itt az id\u0151, hogy magadra figyelj!<\/h2>\t\t\t\t<\/div>\n\t\t\t\t<\/div>\n\t\t\t\t<div class=\"elementor-element elementor-element-f3f0f9c elementor-widget elementor-widget-text-editor\" data-id=\"f3f0f9c\" data-element_type=\"widget\" data-e-type=\"widget\" data-widget_type=\"text-editor.default\">\n\t\t\t\t<div class=\"elementor-widget-container\">\n\t\t\t\t\t\t\t\t\t<p>Engedd, hogy a rohan\u00f3 h\u00e9tk\u00f6znapok helyett most <strong data-start=\"246\" data-end=\"274\">Te legy\u00e9l a k\u00f6z\u00e9ppontban<\/strong>.<\/p>\t\t\t\t\t\t\t\t<\/div>\n\t\t\t\t<\/div>\n\t\t\t\t<div class=\"elementor-element elementor-element-9dc4d03 lebego-ikon elementor-view-default elementor-widget elementor-widget-icon\" data-id=\"9dc4d03\" data-element_type=\"widget\" data-e-type=\"widget\" data-settings=\"{&quot;motion_fx_motion_fx_scrolling&quot;:&quot;yes&quot;,&quot;motion_fx_translateY_effect&quot;:&quot;yes&quot;,&quot;motion_fx_translateY_direction&quot;:&quot;negative&quot;,&quot;motion_fx_opacity_effect&quot;:&quot;yes&quot;,&quot;motion_fx_opacity_direction&quot;:&quot;in-out&quot;,&quot;motion_fx_translateY_speed&quot;:{&quot;unit&quot;:&quot;px&quot;,&quot;size&quot;:4,&quot;sizes&quot;:[]},&quot;motion_fx_translateY_affectedRange&quot;:{&quot;unit&quot;:&quot;%&quot;,&quot;size&quot;:&quot;&quot;,&quot;sizes&quot;:{&quot;start&quot;:0,&quot;end&quot;:100}},&quot;motion_fx_opacity_level&quot;:{&quot;unit&quot;:&quot;px&quot;,&quot;size&quot;:10,&quot;sizes&quot;:[]},&quot;motion_fx_opacity_range&quot;:{&quot;unit&quot;:&quot;%&quot;,&quot;size&quot;:&quot;&quot;,&quot;sizes&quot;:{&quot;start&quot;:20,&quot;end&quot;:80}},&quot;motion_fx_devices&quot;:[&quot;desktop&quot;,&quot;tablet&quot;,&quot;mobile&quot;]}\" data-widget_type=\"icon.default\">\n\t\t\t\t<div class=\"elementor-widget-container\">\n\t\t\t\t\t\t\t<div class=\"elementor-icon-wrapper\">\n\t\t\t<a class=\"elementor-icon\" href=\"http:\/\/lebego\">\n\t\t\t<svg aria-hidden=\"true\" class=\"e-font-icon-svg e-fas-long-arrow-alt-down\" viewBox=\"0 0 256 512\" xmlns=\"http:\/\/www.w3.org\/2000\/svg\"><path d=\"M168 345.941V44c0-6.627-5.373-12-12-12h-56c-6.627 0-12 5.373-12 12v301.941H41.941c-21.382 0-32.09 25.851-16.971 40.971l86.059 86.059c9.373 9.373 24.569 9.373 33.941 0l86.059-86.059c15.119-15.119 4.411-40.971-16.971-40.971H168z\"><\/path><\/svg>\t\t\t<\/a>\n\t\t<\/div>\n\t\t\t\t\t\t<\/div>\n\t\t\t\t<\/div>\n\t\t\t\t\t<\/div>\n\t\t\t\t<\/div>\n\t\t<div class=\"elementor-element elementor-element-dd73bc6 e-flex e-con-boxed e-con e-parent\" data-id=\"dd73bc6\" data-element_type=\"container\" data-e-type=\"container\" data-settings=\"{&quot;background_background&quot;:&quot;classic&quot;}\">\n\t\t\t\t\t<div class=\"e-con-inner\">\n\t\t\t\t<div class=\"elementor-element elementor-element-31fc252 elementor-widget__width-initial elementor-widget elementor-widget-heading\" data-id=\"31fc252\" data-element_type=\"widget\" data-e-type=\"widget\" data-widget_type=\"heading.default\">\n\t\t\t\t<div class=\"elementor-widget-container\">\n\t\t\t\t\t<h2 class=\"elementor-heading-title elementor-size-default\">Foglalj id\u0151pontot!\u200b<\/h2>\t\t\t\t<\/div>\n\t\t\t\t<\/div>\n\t\t\t\t<div class=\"elementor-element elementor-element-1dcebea elementor-widget elementor-widget-text-editor\" data-id=\"1dcebea\" data-element_type=\"widget\" data-e-type=\"widget\" data-widget_type=\"text-editor.default\">\n\t\t\t\t<div class=\"elementor-widget-container\">\n\t\t\t\t\t\t\t\t\t<p>Induljon a meg\u00fajul\u00e1s \u2014 tested \u00e9s lelked is h\u00e1l\u00e1s lesz \u00e9rte.<\/p>\t\t\t\t\t\t\t\t<\/div>\n\t\t\t\t<\/div>\n\t\t\t\t\t<\/div>\n\t\t\t\t<\/div>\n\t\t<div class=\"elementor-element elementor-element-31811c9 elementor-hidden-tablet elementor-hidden-mobile e-flex e-con-boxed e-con e-parent\" data-id=\"31811c9\" data-element_type=\"container\" data-e-type=\"container\" data-settings=\"{&quot;background_background&quot;:&quot;classic&quot;}\">\n\t\t\t\t\t<div class=\"e-con-inner\">\n\t\t<div class=\"elementor-element elementor-element-3804f30 e-con-full e-flex e-con e-child\" data-id=\"3804f30\" data-element_type=\"container\" data-e-type=\"container\">\n\t\t<div class=\"elementor-element elementor-element-fa69477 e-con-full e-flex e-con e-child\" data-id=\"fa69477\" data-element_type=\"container\" data-e-type=\"container\">\n\t\t\t\t<div class=\"elementor-element elementor-element-4f54a81 elementor-widget__width-initial elementor-widget elementor-widget-shortcode\" data-id=\"4f54a81\" data-element_type=\"widget\" data-e-type=\"widget\" data-widget_type=\"shortcode.default\">\n\t\t\t\t<div class=\"elementor-widget-container\">\n\t\t\t\t\t\t\t<div class=\"elementor-shortcode\"><iframe src=\"https:\/\/www.google.com\/maps\/embed?pb=!1m18!1m12!1m3!1d2753.7250539120528!2d17.788939576193066!3d46.35500097110249!2m3!1f0!2f0!3f0!3m2!1i1024!2i768!4f13.1!3m3!1m2!1s0x476815fce95d1113%3A0x4ab1ddab4d187350!2zS2Fwb3N2w6FyLCBSaXBwbC1Sw7NuYWkgdMOpciAyLCA3NDAw!5e0!3m2!1shu!2shu!4v1748788700238!5m2!1shu!2shu\" width=\"800\" height=\"600\" style=\"border:0;\" allowfullscreen=\"\" loading=\"lazy\" referrerpolicy=\"no-referrer-when-downgrade\"><\/iframe><\/div>\n\t\t\t\t\t\t<\/div>\n\t\t\t\t<\/div>\n\t\t\t\t<\/div>\n\t\t\t\t<\/div>\n\t\t<div class=\"elementor-element elementor-element-ad62ae2 e-con-full e-flex e-con e-child\" data-id=\"ad62ae2\" data-element_type=\"container\" data-e-type=\"container\">\n\t\t<div class=\"elementor-element elementor-element-13881e4 e-con-full e-flex e-con e-child\" data-id=\"13881e4\" data-element_type=\"container\" data-e-type=\"container\">\n\t\t\t\t<div class=\"elementor-element elementor-element-edf78cb elementor-widget elementor-widget-heading\" data-id=\"edf78cb\" data-element_type=\"widget\" data-e-type=\"widget\" data-widget_type=\"heading.default\">\n\t\t\t\t<div class=\"elementor-widget-container\">\n\t\t\t\t\t<h3 class=\"elementor-heading-title elementor-size-default\">Kapcsolat<\/h3>\t\t\t\t<\/div>\n\t\t\t\t<\/div>\n\t\t\t\t<div class=\"elementor-element elementor-element-eb90324 elementor-widget elementor-widget-text-editor\" data-id=\"eb90324\" data-element_type=\"widget\" data-e-type=\"widget\" data-widget_type=\"text-editor.default\">\n\t\t\t\t<div class=\"elementor-widget-container\">\n\t\t\t\t\t\t\t\t\t<p>+36 30 834 6348<\/p>\t\t\t\t\t\t\t\t<\/div>\n\t\t\t\t<\/div>\n\t\t\t\t<div class=\"elementor-element elementor-element-55e8862 elementor-widget elementor-widget-heading\" data-id=\"55e8862\" data-element_type=\"widget\" data-e-type=\"widget\" data-widget_type=\"heading.default\">\n\t\t\t\t<div class=\"elementor-widget-container\">\n\t\t\t\t\t<h3 class=\"elementor-heading-title elementor-size-default\">Nyitvatart\u00e1s<\/h3>\t\t\t\t<\/div>\n\t\t\t\t<\/div>\n\t\t\t\t<div class=\"elementor-element elementor-element-5b981ec elementor-widget elementor-widget-text-editor\" data-id=\"5b981ec\" data-element_type=\"widget\" data-e-type=\"widget\" data-widget_type=\"text-editor.default\">\n\t\t\t\t<div class=\"elementor-widget-container\">\n\t\t\t\t\t\t\t\t\t<p>Bejelentkez\u00e9s alapj\u00e1n:<br \/>08:00-t\u00f3l 20:00-ig<\/p>\t\t\t\t\t\t\t\t<\/div>\n\t\t\t\t<\/div>\n\t\t\t\t<div class=\"elementor-element elementor-element-05b2d8c elementor-widget elementor-widget-heading\" data-id=\"05b2d8c\" data-element_type=\"widget\" data-e-type=\"widget\" data-widget_type=\"heading.default\">\n\t\t\t\t<div class=\"elementor-widget-container\">\n\t\t\t\t\t<h3 class=\"elementor-heading-title elementor-size-default\">Szalon<\/h3>\t\t\t\t<\/div>\n\t\t\t\t<\/div>\n\t\t\t\t<div class=\"elementor-element elementor-element-b3eab7f elementor-widget elementor-widget-text-editor\" data-id=\"b3eab7f\" data-element_type=\"widget\" data-e-type=\"widget\" data-widget_type=\"text-editor.default\">\n\t\t\t\t<div class=\"elementor-widget-container\">\n\t\t\t\t\t\t\t\t\t<p>Kaposv\u00e1r Rippl-R\u00f3nai t\u00e9r 2 F\u00f6ldsz\u00ednt 8-as ajt\u00f3.<\/p>\t\t\t\t\t\t\t\t<\/div>\n\t\t\t\t<\/div>\n\t\t\t\t<\/div>\n\t\t\t\t<\/div>\n\t\t\t\t\t<\/div>\n\t\t\t\t<\/div>\n\t\t<div class=\"elementor-element elementor-element-52cbbb4 elementor-hidden-desktop e-flex e-con-boxed e-con e-parent\" data-id=\"52cbbb4\" data-element_type=\"container\" data-e-type=\"container\" data-settings=\"{&quot;background_background&quot;:&quot;classic&quot;}\">\n\t\t\t\t\t<div class=\"e-con-inner\">\n\t\t<div class=\"elementor-element elementor-element-064dc04 e-con-full e-flex e-con e-child\" data-id=\"064dc04\" data-element_type=\"container\" data-e-type=\"container\">\n\t\t<div class=\"elementor-element elementor-element-294ba7f e-con-full e-flex e-con e-child\" data-id=\"294ba7f\" data-element_type=\"container\" data-e-type=\"container\">\n\t\t<div class=\"elementor-element elementor-element-460d006 e-con-full e-flex e-con e-child\" data-id=\"460d006\" data-element_type=\"container\" data-e-type=\"container\">\n\t\t\t\t<div class=\"elementor-element elementor-element-11c9d0f elementor-widget elementor-widget-heading\" data-id=\"11c9d0f\" data-element_type=\"widget\" data-e-type=\"widget\" data-widget_type=\"heading.default\">\n\t\t\t\t<div class=\"elementor-widget-container\">\n\t\t\t\t\t<h3 class=\"elementor-heading-title elementor-size-default\">Kapcsolat<\/h3>\t\t\t\t<\/div>\n\t\t\t\t<\/div>\n\t\t\t\t<div class=\"elementor-element elementor-element-7116d84 elementor-widget elementor-widget-text-editor\" data-id=\"7116d84\" data-element_type=\"widget\" data-e-type=\"widget\" data-widget_type=\"text-editor.default\">\n\t\t\t\t<div class=\"elementor-widget-container\">\n\t\t\t\t\t\t\t\t\t<p>+36 30 834 6348<\/p>\t\t\t\t\t\t\t\t<\/div>\n\t\t\t\t<\/div>\n\t\t\t\t<div class=\"elementor-element elementor-element-182230f elementor-widget elementor-widget-heading\" data-id=\"182230f\" data-element_type=\"widget\" data-e-type=\"widget\" data-widget_type=\"heading.default\">\n\t\t\t\t<div class=\"elementor-widget-container\">\n\t\t\t\t\t<h3 class=\"elementor-heading-title elementor-size-default\">Nyitvatart\u00e1s<\/h3>\t\t\t\t<\/div>\n\t\t\t\t<\/div>\n\t\t\t\t<div class=\"elementor-element elementor-element-f65bf93 elementor-widget elementor-widget-text-editor\" data-id=\"f65bf93\" data-element_type=\"widget\" data-e-type=\"widget\" data-widget_type=\"text-editor.default\">\n\t\t\t\t<div class=\"elementor-widget-container\">\n\t\t\t\t\t\t\t\t\t<p>Bejelentkez\u00e9s alapj\u00e1n:<br \/>08:00-t\u00f3l 20:00-ig<\/p>\t\t\t\t\t\t\t\t<\/div>\n\t\t\t\t<\/div>\n\t\t\t\t<div class=\"elementor-element elementor-element-41251f5 elementor-widget elementor-widget-heading\" data-id=\"41251f5\" data-element_type=\"widget\" data-e-type=\"widget\" data-widget_type=\"heading.default\">\n\t\t\t\t<div class=\"elementor-widget-container\">\n\t\t\t\t\t<h3 class=\"elementor-heading-title elementor-size-default\">Szalon<\/h3>\t\t\t\t<\/div>\n\t\t\t\t<\/div>\n\t\t\t\t<div class=\"elementor-element elementor-element-0c21697 elementor-widget elementor-widget-text-editor\" data-id=\"0c21697\" data-element_type=\"widget\" data-e-type=\"widget\" data-widget_type=\"text-editor.default\">\n\t\t\t\t<div class=\"elementor-widget-container\">\n\t\t\t\t\t\t\t\t\t<p>Kaposv\u00e1r Rippl-R\u00f3nai t\u00e9r 2 F\u00f6ldsz\u00ednt 8-as ajt\u00f3.<\/p>\t\t\t\t\t\t\t\t<\/div>\n\t\t\t\t<\/div>\n\t\t\t\t<\/div>\n\t\t\t\t<\/div>\n\t\t<div class=\"elementor-element elementor-element-8e2a7bb e-con-full e-flex e-con e-child\" data-id=\"8e2a7bb\" data-element_type=\"container\" data-e-type=\"container\">\n\t\t\t\t<div class=\"elementor-element elementor-element-5a251ba elementor-widget elementor-widget-shortcode\" data-id=\"5a251ba\" data-element_type=\"widget\" data-e-type=\"widget\" data-widget_type=\"shortcode.default\">\n\t\t\t\t<div class=\"elementor-widget-container\">\n\t\t\t\t\t\t\t<div class=\"elementor-shortcode\"><iframe src=\"https:\/\/www.google.com\/maps\/embed?pb=!1m18!1m12!1m3!1d2753.7250539120528!2d17.788939576193066!3d46.35500097110249!2m3!1f0!2f0!3f0!3m2!1i1024!2i768!4f13.1!3m3!1m2!1s0x476815fce95d1113%3A0x4ab1ddab4d187350!2zS2Fwb3N2w6FyLCBSaXBwbC1Sw7NuYWkgdMOpciAyLCA3NDAw!5e0!3m2!1shu!2shu!4v1748788700238!5m2!1shu!2shu\" width=\"800\" height=\"600\" style=\"border:0;\" allowfullscreen=\"\" loading=\"lazy\" referrerpolicy=\"no-referrer-when-downgrade\"><\/iframe><\/div>\n\t\t\t\t\t\t<\/div>\n\t\t\t\t<\/div>\n\t\t\t\t<\/div>\n\t\t\t\t<\/div>\n\t\t\t\t\t<\/div>\n\t\t\t\t<\/div>\n\t\t<div class=\"elementor-element elementor-element-4849874 e-flex e-con-boxed e-con e-parent\" data-id=\"4849874\" data-element_type=\"container\" data-e-type=\"container\" data-settings=\"{&quot;background_background&quot;:&quot;gradient&quot;}\">\n\t\t\t\t\t<div class=\"e-con-inner\">\n\t\t\t\t<div class=\"elementor-element elementor-element-4e15272 elementor-widget__width-initial elementor-widget elementor-widget-heading\" data-id=\"4e15272\" data-element_type=\"widget\" data-e-type=\"widget\" data-widget_type=\"heading.default\">\n\t\t\t\t<div class=\"elementor-widget-container\">\n\t\t\t\t\t<h2 class=\"elementor-heading-title elementor-size-default\">K\u00f6vess a Facebookon is!<\/h2>\t\t\t\t<\/div>\n\t\t\t\t<\/div>\n\t\t\t\t<div class=\"elementor-element elementor-element-b915afa elementor-widget elementor-widget-text-editor\" data-id=\"b915afa\" data-element_type=\"widget\" data-e-type=\"widget\" data-widget_type=\"text-editor.default\">\n\t\t\t\t<div class=\"elementor-widget-container\">\n\t\t\t\t\t\t\t\t\t<p>Ha szeretn\u00e9l id\u0151ben \u00e9rtes\u00fclni a leg\u00fajabb aj\u00e1nlatokr\u00f3l \u00e9s hasznos inf\u00f3kr\u00f3l,<br data-start=\"535\" data-end=\"538\" \/>k\u00f6vess a Facebookon \u2013 Ott osztom meg els\u0151k\u00e9nt a legfontosabb dolgokat.<\/p>\t\t\t\t\t\t\t\t<\/div>\n\t\t\t\t<\/div>\n\t\t\t\t<div class=\"elementor-element elementor-element-acff6cf elementor-align-center elementor-widget elementor-widget-button\" data-id=\"acff6cf\" data-element_type=\"widget\" data-e-type=\"widget\" data-widget_type=\"button.default\">\n\t\t\t\t<div class=\"elementor-widget-container\">\n\t\t\t\t\t\t\t\t\t<div class=\"elementor-button-wrapper\">\n\t\t\t\t\t<a class=\"elementor-button elementor-button-link elementor-size-sm elementor-animation-grow\" href=\"https:\/\/www.facebook.com\/profile.php?id=61576875952265\">\n\t\t\t\t\t\t<span class=\"elementor-button-content-wrapper\">\n\t\t\t\t\t\t\t\t\t<span class=\"elementor-button-text\">K\u00f6vet\u00e9s!<\/span>\n\t\t\t\t\t<\/span>\n\t\t\t\t\t<\/a>\n\t\t\t\t<\/div>\n\t\t\t\t\t\t\t\t<\/div>\n\t\t\t\t<\/div>\n\t\t\t\t\t<\/div>\n\t\t\t\t<\/div>\n\t\t\t\t<\/div>\n\t\t","protected":false},"excerpt":{"rendered":"<p>Itt az id\u0151, hogy magadra figyelj! Engedd, hogy a rohan\u00f3 h\u00e9tk\u00f6znapok helyett most Te legy\u00e9l a k\u00f6z\u00e9ppontban. Foglalj id\u0151pontot!\u200b Induljon a meg\u00fajul\u00e1s \u2014 tested \u00e9s lelked is h\u00e1l\u00e1s lesz \u00e9rte. Kapcsolat +36 30 834 6348 Nyitvatart\u00e1s Bejelentkez\u00e9s alapj\u00e1n:08:00-t\u00f3l 20:00-ig Szalon Kaposv\u00e1r Rippl-R\u00f3nai t\u00e9r 2 F\u00f6ldsz\u00ednt 8-as ajt\u00f3. Kapcsolat +36 30 834 6348 Nyitvatart\u00e1s Bejelentkez\u00e9s alapj\u00e1n:08:00-t\u00f3l&#8230;<\/p>\n","protected":false},"author":1,"featured_media":0,"parent":0,"menu_order":0,"comment_status":"closed","ping_status":"closed","template":"","meta":{"_kadence_starter_templates_imported_post":false,"_kad_post_transparent":"","_kad_post_title":"hide","_kad_post_layout":"fullwidth","_kad_post_sidebar_id":"","_kad_post_content_style":"unboxed","_kad_post_vertical_padding":"hide","_kad_post_feature":"hide","_kad_post_feature_position":"","_kad_post_header":false,"_kad_post_footer":false,"footnotes":""},"class_list":["post-28","page","type-page","status-publish","hentry"],"yoast_head":"<!-- This site is optimized with the Yoast SEO plugin v27.1.1 - https:\/\/yoast.com\/product\/yoast-seo-wordpress\/ -->\n<title>Kapcsolat - R Studio<\/title>\n<meta name=\"description\" content=\"Foglalj id\u0151pontot egyszer\u0171en \u00e9s gyorsan online! V\u00e1laszd ki a sz\u00e1modra legjobb testkezel\u00e9st, \u00e9s biztos\u00edtsd be a helyed m\u00e9g ma!\" \/>\n<meta name=\"robots\" content=\"index, follow, max-snippet:-1, max-image-preview:large, max-video-preview:-1\" \/>\n<link rel=\"canonical\" href=\"https:\/\/studio-r.hu\/?page_id=28\" \/>\n<meta property=\"og:locale\" content=\"hu_HU\" \/>\n<meta property=\"og:type\" content=\"article\" \/>\n<meta property=\"og:title\" content=\"Kapcsolat - R Studio\" \/>\n<meta property=\"og:description\" content=\"Foglalj id\u0151pontot egyszer\u0171en \u00e9s gyorsan online! V\u00e1laszd ki a sz\u00e1modra legjobb testkezel\u00e9st, \u00e9s biztos\u00edtsd be a helyed m\u00e9g ma!\" \/>\n<meta property=\"og:url\" content=\"https:\/\/studio-r.hu\/?page_id=28\" \/>\n<meta property=\"og:site_name\" content=\"R Studio\" \/>\n<meta property=\"article:publisher\" content=\"https:\/\/www.facebook.com\/profile.php?id=61576875952265\" \/>\n<meta property=\"article:modified_time\" content=\"2025-06-03T19:49:00+00:00\" \/>\n<meta property=\"og:image\" content=\"https:\/\/studio-r.hu\/wp-content\/uploads\/2025\/05\/Logo_vegleges-removebg-preview-2.png\" \/>\n\t<meta property=\"og:image:width\" content=\"592\" \/>\n\t<meta property=\"og:image:height\" content=\"421\" \/>\n\t<meta property=\"og:image:type\" content=\"image\/png\" \/>\n<meta name=\"twitter:card\" content=\"summary_large_image\" \/>\n<meta name=\"twitter:label1\" content=\"Becs\u00fclt olvas\u00e1si id\u0151\" \/>\n\t<meta name=\"twitter:data1\" content=\"1 perc\" \/>\n<script type=\"application\/ld+json\" class=\"yoast-schema-graph\">{\"@context\":\"https:\/\/schema.org\",\"@graph\":[{\"@type\":\"WebPage\",\"@id\":\"https:\/\/studio-r.hu\/?page_id=28\",\"url\":\"https:\/\/studio-r.hu\/?page_id=28\",\"name\":\"Kapcsolat - R Studio\",\"isPartOf\":{\"@id\":\"https:\/\/studio-r.hu\/#website\"},\"datePublished\":\"2025-05-18T07:56:04+00:00\",\"dateModified\":\"2025-06-03T19:49:00+00:00\",\"description\":\"Foglalj id\u0151pontot egyszer\u0171en \u00e9s gyorsan online! V\u00e1laszd ki a sz\u00e1modra legjobb testkezel\u00e9st, \u00e9s biztos\u00edtsd be a helyed m\u00e9g ma!\",\"breadcrumb\":{\"@id\":\"https:\/\/studio-r.hu\/?page_id=28#breadcrumb\"},\"inLanguage\":\"hu\",\"potentialAction\":[{\"@type\":\"ReadAction\",\"target\":[\"https:\/\/studio-r.hu\/?page_id=28\"]}]},{\"@type\":\"BreadcrumbList\",\"@id\":\"https:\/\/studio-r.hu\/?page_id=28#breadcrumb\",\"itemListElement\":[{\"@type\":\"ListItem\",\"position\":1,\"name\":\"Kezd\u0151lap\",\"item\":\"https:\/\/studio-r.hu\/\"},{\"@type\":\"ListItem\",\"position\":2,\"name\":\"Kapcsolat\"}]},{\"@type\":\"WebSite\",\"@id\":\"https:\/\/studio-r.hu\/#website\",\"url\":\"https:\/\/studio-r.hu\/\",\"name\":\"R Studio\",\"description\":\"\",\"publisher\":{\"@id\":\"https:\/\/studio-r.hu\/#organization\"},\"potentialAction\":[{\"@type\":\"SearchAction\",\"target\":{\"@type\":\"EntryPoint\",\"urlTemplate\":\"https:\/\/studio-r.hu\/?s={search_term_string}\"},\"query-input\":{\"@type\":\"PropertyValueSpecification\",\"valueRequired\":true,\"valueName\":\"search_term_string\"}}],\"inLanguage\":\"hu\"},{\"@type\":\"Organization\",\"@id\":\"https:\/\/studio-r.hu\/#organization\",\"name\":\"R Studio\",\"url\":\"https:\/\/studio-r.hu\/\",\"logo\":{\"@type\":\"ImageObject\",\"inLanguage\":\"hu\",\"@id\":\"https:\/\/studio-r.hu\/#\/schema\/logo\/image\/\",\"url\":\"https:\/\/studio-r.hu\/wp-content\/uploads\/2025\/05\/cropped-Logo_vegleges-removebg-preview-2.png\",\"contentUrl\":\"https:\/\/studio-r.hu\/wp-content\/uploads\/2025\/05\/cropped-Logo_vegleges-removebg-preview-2.png\",\"width\":358,\"height\":364,\"caption\":\"R Studio\"},\"image\":{\"@id\":\"https:\/\/studio-r.hu\/#\/schema\/logo\/image\/\"},\"sameAs\":[\"https:\/\/www.facebook.com\/profile.php?id=61576875952265\"]}]}<\/script>\n<!-- \/ Yoast SEO plugin. -->","yoast_head_json":{"title":"Kapcsolat - R Studio","description":"Foglalj id\u0151pontot egyszer\u0171en \u00e9s gyorsan online! V\u00e1laszd ki a sz\u00e1modra legjobb testkezel\u00e9st, \u00e9s biztos\u00edtsd be a helyed m\u00e9g ma!","robots":{"index":"index","follow":"follow","max-snippet":"max-snippet:-1","max-image-preview":"max-image-preview:large","max-video-preview":"max-video-preview:-1"},"canonical":"https:\/\/studio-r.hu\/?page_id=28","og_locale":"hu_HU","og_type":"article","og_title":"Kapcsolat - R Studio","og_description":"Foglalj id\u0151pontot egyszer\u0171en \u00e9s gyorsan online! V\u00e1laszd ki a sz\u00e1modra legjobb testkezel\u00e9st, \u00e9s biztos\u00edtsd be a helyed m\u00e9g ma!","og_url":"https:\/\/studio-r.hu\/?page_id=28","og_site_name":"R Studio","article_publisher":"https:\/\/www.facebook.com\/profile.php?id=61576875952265","article_modified_time":"2025-06-03T19:49:00+00:00","og_image":[{"width":592,"height":421,"url":"https:\/\/studio-r.hu\/wp-content\/uploads\/2025\/05\/Logo_vegleges-removebg-preview-2.png","type":"image\/png"}],"twitter_card":"summary_large_image","twitter_misc":{"Becs\u00fclt olvas\u00e1si id\u0151":"1 perc"},"schema":{"@context":"https:\/\/schema.org","@graph":[{"@type":"WebPage","@id":"https:\/\/studio-r.hu\/?page_id=28","url":"https:\/\/studio-r.hu\/?page_id=28","name":"Kapcsolat - R Studio","isPartOf":{"@id":"https:\/\/studio-r.hu\/#website"},"datePublished":"2025-05-18T07:56:04+00:00","dateModified":"2025-06-03T19:49:00+00:00","description":"Foglalj id\u0151pontot egyszer\u0171en \u00e9s gyorsan online! V\u00e1laszd ki a sz\u00e1modra legjobb testkezel\u00e9st, \u00e9s biztos\u00edtsd be a helyed m\u00e9g ma!","breadcrumb":{"@id":"https:\/\/studio-r.hu\/?page_id=28#breadcrumb"},"inLanguage":"hu","potentialAction":[{"@type":"ReadAction","target":["https:\/\/studio-r.hu\/?page_id=28"]}]},{"@type":"BreadcrumbList","@id":"https:\/\/studio-r.hu\/?page_id=28#breadcrumb","itemListElement":[{"@type":"ListItem","position":1,"name":"Kezd\u0151lap","item":"https:\/\/studio-r.hu\/"},{"@type":"ListItem","position":2,"name":"Kapcsolat"}]},{"@type":"WebSite","@id":"https:\/\/studio-r.hu\/#website","url":"https:\/\/studio-r.hu\/","name":"R Studio","description":"","publisher":{"@id":"https:\/\/studio-r.hu\/#organization"},"potentialAction":[{"@type":"SearchAction","target":{"@type":"EntryPoint","urlTemplate":"https:\/\/studio-r.hu\/?s={search_term_string}"},"query-input":{"@type":"PropertyValueSpecification","valueRequired":true,"valueName":"search_term_string"}}],"inLanguage":"hu"},{"@type":"Organization","@id":"https:\/\/studio-r.hu\/#organization","name":"R Studio","url":"https:\/\/studio-r.hu\/","logo":{"@type":"ImageObject","inLanguage":"hu","@id":"https:\/\/studio-r.hu\/#\/schema\/logo\/image\/","url":"https:\/\/studio-r.hu\/wp-content\/uploads\/2025\/05\/cropped-Logo_vegleges-removebg-preview-2.png","contentUrl":"https:\/\/studio-r.hu\/wp-content\/uploads\/2025\/05\/cropped-Logo_vegleges-removebg-preview-2.png","width":358,"height":364,"caption":"R Studio"},"image":{"@id":"https:\/\/studio-r.hu\/#\/schema\/logo\/image\/"},"sameAs":["https:\/\/www.facebook.com\/profile.php?id=61576875952265"]}]}},"_links":{"self":[{"href":"https:\/\/studio-r.hu\/index.php?rest_route=\/wp\/v2\/pages\/28","targetHints":{"allow":["GET"]}}],"collection":[{"href":"https:\/\/studio-r.hu\/index.php?rest_route=\/wp\/v2\/pages"}],"about":[{"href":"https:\/\/studio-r.hu\/index.php?rest_route=\/wp\/v2\/types\/page"}],"author":[{"embeddable":true,"href":"https:\/\/studio-r.hu\/index.php?rest_route=\/wp\/v2\/users\/1"}],"replies":[{"embeddable":true,"href":"https:\/\/studio-r.hu\/index.php?rest_route=%2Fwp%2Fv2%2Fcomments&post=28"}],"version-history":[{"count":236,"href":"https:\/\/studio-r.hu\/index.php?rest_route=\/wp\/v2\/pages\/28\/revisions"}],"predecessor-version":[{"id":1724,"href":"https:\/\/studio-r.hu\/index.php?rest_route=\/wp\/v2\/pages\/28\/revisions\/1724"}],"wp:attachment":[{"href":"https:\/\/studio-r.hu\/index.php?rest_route=%2Fwp%2Fv2%2Fmedia&parent=28"}],"curies":[{"name":"wp","href":"https:\/\/api.w.org\/{rel}","templated":true}]}}