{"id":35,"date":"2025-05-18T07:59:05","date_gmt":"2025-05-18T07:59:05","guid":{"rendered":"https:\/\/studio-r.hu\/?page_id=35"},"modified":"2025-06-11T20:17:47","modified_gmt":"2025-06-11T20:17:47","slug":"hazirend","status":"publish","type":"page","link":"https:\/\/studio-r.hu\/?page_id=35","title":{"rendered":"H\u00e1zirend"},"content":{"rendered":"\t\t<div data-elementor-type=\"wp-page\" data-elementor-id=\"35\" class=\"elementor elementor-35\" data-elementor-post-type=\"page\">\n\t\t\t\t<div class=\"elementor-element elementor-element-ab72648 e-flex e-con-boxed e-con e-parent\" data-id=\"ab72648\" data-element_type=\"container\" data-e-type=\"container\" data-settings=\"{&quot;background_background&quot;:&quot;gradient&quot;}\">\n\t\t\t\t\t<div class=\"e-con-inner\">\n\t\t\t\t<div class=\"elementor-element elementor-element-0572fb4 elementor-headline--style-rotate elementor-widget elementor-widget-animated-headline\" data-id=\"0572fb4\" data-element_type=\"widget\" data-e-type=\"widget\" data-settings=\"{&quot;headline_style&quot;:&quot;rotate&quot;,&quot;animation_type&quot;:&quot;drop-in&quot;,&quot;rotating_text&quot;:&quot;\\u00d6r\\u00fcl\\u00f6k, hogy itt vagy!&quot;,&quot;loop&quot;:&quot;yes&quot;,&quot;rotate_iteration_delay&quot;:2500}\" data-widget_type=\"animated-headline.default\">\n\t\t\t\t<div class=\"elementor-widget-container\">\n\t\t\t\t\t\t\t<h3 class=\"elementor-headline elementor-headline-animation-type-drop-in\">\n\t\t\t\t<span class=\"elementor-headline-dynamic-wrapper elementor-headline-text-wrapper\">\n\t\t\t\t\t<span class=\"elementor-headline-dynamic-text elementor-headline-text-active\">\n\t\t\t\t\u00d6r\u00fcl\u00f6k,&nbsp;hogy&nbsp;itt&nbsp;vagy!\t\t\t<\/span>\n\t\t\t\t\t\t<\/span>\n\t\t\t\t<\/h3>\n\t\t\t\t\t\t<\/div>\n\t\t\t\t<\/div>\n\t\t\t\t<div class=\"elementor-element elementor-element-c925209 elementor-widget elementor-widget-heading\" data-id=\"c925209\" data-element_type=\"widget\" data-e-type=\"widget\" data-widget_type=\"heading.default\">\n\t\t\t\t<div class=\"elementor-widget-container\">\n\t\t\t\t\t<h2 class=\"elementor-heading-title elementor-size-default\"><i>Ahhoz, hogy mindenki j\u00f3l \u00e9rezze mag\u00e1t \u00e9s a kezel\u00e9sek igazi felt\u00f6lt\u0151d\u00e9st ny\u00fajtsanak, \u00f6ssze\u00e1ll\u00edtottam egy k\u00f6nnyen k\u00f6vethet\u0151 h\u00e1zirendet \u2013 csak a zavartalan pihen\u00e9s \u00e9rdek\u00e9ben.<\/i><\/h2>\t\t\t\t<\/div>\n\t\t\t\t<\/div>\n\t\t\t\t\t<\/div>\n\t\t\t\t<\/div>\n\t\t<div class=\"elementor-element elementor-element-b0c3aae e-flex e-con-boxed e-con e-parent\" data-id=\"b0c3aae\" data-element_type=\"container\" data-e-type=\"container\" data-settings=\"{&quot;background_background&quot;:&quot;classic&quot;}\">\n\t\t\t\t\t<div class=\"e-con-inner\">\n\t\t<div class=\"elementor-element elementor-element-6ea6a1e e-con-full e-flex e-con e-child\" data-id=\"6ea6a1e\" data-element_type=\"container\" data-e-type=\"container\">\n\t\t\t\t<div class=\"elementor-element elementor-element-b6d8e7c elementor-widget elementor-widget-heading\" data-id=\"b6d8e7c\" data-element_type=\"widget\" data-e-type=\"widget\" data-widget_type=\"heading.default\">\n\t\t\t\t<div class=\"elementor-widget-container\">\n\t\t\t\t\t<h2 class=\"elementor-heading-title elementor-size-default\">1. \u00c1ltal\u00e1nos tudnival\u00f3k<\/h2>\t\t\t\t<\/div>\n\t\t\t\t<\/div>\n\t\t\t\t<div class=\"elementor-element elementor-element-40d2645 elementor-widget elementor-widget-text-editor\" data-id=\"40d2645\" data-element_type=\"widget\" data-e-type=\"widget\" data-widget_type=\"text-editor.default\">\n\t\t\t\t<div class=\"elementor-widget-container\">\n\t\t\t\t\t\t\t\t\t<ul>\n<li>A st\u00fadi\u00f3 kiz\u00e1r\u00f3lag el\u0151zetes id\u0151pontfoglal\u00e1s alapj\u00e1n m\u0171k\u00f6dik.<\/li>\n<li>A kezel\u00e9seken val\u00f3 r\u00e9szv\u00e9tel felt\u00e9tele az \u00e9rv\u00e9nyes eg\u00e9szs\u00e9gi \u00e1llapot &#8211; k\u00e9rem, minden esetben jelezd, ha b\u00e1rmilyen eg\u00e9szs\u00e9g\u00fcgyi probl\u00e9m\u00e1d van.<\/li>\n<li>A szolg\u00e1ltat\u00e1saimat minden vend\u00e9g saj\u00e1t felel\u0151ss\u00e9g\u00e9re veszi ig\u00e9nybe.<\/li>\n<li>Szolg\u00e1ltat\u00e1saim ig\u00e9nybev\u00e9tel\u00e9vel elfogadod a szab\u00e1lyzatot.<\/li>\n<\/ul>\t\t\t\t\t\t\t\t<\/div>\n\t\t\t\t<\/div>\n\t\t\t\t<div class=\"elementor-element elementor-element-b54593c elementor-widget elementor-widget-heading\" data-id=\"b54593c\" data-element_type=\"widget\" data-e-type=\"widget\" data-widget_type=\"heading.default\">\n\t\t\t\t<div class=\"elementor-widget-container\">\n\t\t\t\t\t<h2 class=\"elementor-heading-title elementor-size-default\">2.Id\u0151pontfoglal\u00e1s \u00e9s lemond\u00e1s<\/h2>\t\t\t\t<\/div>\n\t\t\t\t<\/div>\n\t\t\t\t<div class=\"elementor-element elementor-element-82c424b elementor-widget elementor-widget-text-editor\" data-id=\"82c424b\" data-element_type=\"widget\" data-e-type=\"widget\" data-widget_type=\"text-editor.default\">\n\t\t\t\t<div class=\"elementor-widget-container\">\n\t\t\t\t\t\t\t\t\t<ul><li>Id\u0151pontfoglal\u00e1s t\u00f6rt\u00e9nhet szem\u00e9lyese, telefonon vagy online.<\/li><li>Lemond\u00e1st k\u00e9rem, legal\u00e1bb 24 \u00f3r\u00e1val a kezel\u00e9s el\u0151tt jelezni.<\/li><li>24 \u00f3r\u00e1n bel\u00fcli lemond\u00e1s, illetve meg nem jelen\u00e9s eset\u00e9n a szolg\u00e1ltat\u00e1s d\u00edj\u00e1nak 50%-a felsz\u00e1m\u00edt\u00e1sra ker\u00fclhet.<\/li><\/ul>\t\t\t\t\t\t\t\t<\/div>\n\t\t\t\t<\/div>\n\t\t\t\t<div class=\"elementor-element elementor-element-84e18fa elementor-widget elementor-widget-heading\" data-id=\"84e18fa\" data-element_type=\"widget\" data-e-type=\"widget\" data-widget_type=\"heading.default\">\n\t\t\t\t<div class=\"elementor-widget-container\">\n\t\t\t\t\t<h2 class=\"elementor-heading-title elementor-size-default\">3.\u00c9rkez\u00e9s a kezel\u00e9sre<\/h2>\t\t\t\t<\/div>\n\t\t\t\t<\/div>\n\t\t\t\t<div class=\"elementor-element elementor-element-54008f1 elementor-widget elementor-widget-text-editor\" data-id=\"54008f1\" data-element_type=\"widget\" data-e-type=\"widget\" data-widget_type=\"text-editor.default\">\n\t\t\t\t<div class=\"elementor-widget-container\">\n\t\t\t\t\t\t\t\t\t<ul>\n<li>K\u00e9rlek , hogy legal\u00e1bb 5 perccel a megbesz\u00e9lt id\u0151pont el\u0151tt \u00e9rkezz.<\/li>\n<li>K\u00e9s\u00e9s eset\u00e9n a kezel\u00e9si id\u0151 ler\u00f6vid\u00fclhet, hogy ne bor\u00edtsuk m\u00e1s vend\u00e9gek id\u0151pontj\u00e1t.<\/li>\n<\/ul>\t\t\t\t\t\t\t\t<\/div>\n\t\t\t\t<\/div>\n\t\t\t\t<div class=\"elementor-element elementor-element-ef8bd76 elementor-widget elementor-widget-heading\" data-id=\"ef8bd76\" data-element_type=\"widget\" data-e-type=\"widget\" data-widget_type=\"heading.default\">\n\t\t\t\t<div class=\"elementor-widget-container\">\n\t\t\t\t\t<h2 class=\"elementor-heading-title elementor-size-default\">4.Hig\u00e9nia \u00e9s viselked\u00e9s<\/h2>\t\t\t\t<\/div>\n\t\t\t\t<\/div>\n\t\t\t\t<div class=\"elementor-element elementor-element-cfcf621 elementor-widget elementor-widget-text-editor\" data-id=\"cfcf621\" data-element_type=\"widget\" data-e-type=\"widget\" data-widget_type=\"text-editor.default\">\n\t\t\t\t<div class=\"elementor-widget-container\">\n\t\t\t\t\t\t\t\t\t<ul><li>A st\u00fadi\u00f3ban minden vend\u00e9gt\u0151l elv\u00e1rom az alapvet\u0151 higi\u00e9niai szab\u00e1lyok betart\u00e1s\u00e1t.<\/li><li>A kezel\u00e9sek zavartalan lebonyol\u00edt\u00e1sa \u00e9rdek\u00e9ben k\u00e9rlek, mobiltelefonodat halk\u00edtsd le vagy kapcsold ki.<\/li><li>A st\u00fadi\u00f3 ter\u00fclet\u00e9n nem megengedett az alkoholfogyaszt\u00e1s, drogok haszn\u00e1lata, illetve er\u0151szakos vagy zaklat\u00f3 magatart\u00e1s.<\/li><\/ul>\t\t\t\t\t\t\t\t<\/div>\n\t\t\t\t<\/div>\n\t\t\t\t<\/div>\n\t\t<div class=\"elementor-element elementor-element-a37f70f e-con-full e-flex e-con e-child\" data-id=\"a37f70f\" data-element_type=\"container\" data-e-type=\"container\">\n\t\t\t\t<div class=\"elementor-element elementor-element-1017a85 elementor-widget elementor-widget-heading\" data-id=\"1017a85\" data-element_type=\"widget\" data-e-type=\"widget\" data-widget_type=\"heading.default\">\n\t\t\t\t<div class=\"elementor-widget-container\">\n\t\t\t\t\t<h2 class=\"elementor-heading-title elementor-size-default\">5.Eg\u00e9szs\u00e9g\u00fcgyi \u00e9s ellenjavallati t\u00e1j\u00e9koztat\u00e1s<\/h2>\t\t\t\t<\/div>\n\t\t\t\t<\/div>\n\t\t\t\t<div class=\"elementor-element elementor-element-25a37bf elementor-widget elementor-widget-text-editor\" data-id=\"25a37bf\" data-element_type=\"widget\" data-e-type=\"widget\" data-widget_type=\"text-editor.default\">\n\t\t\t\t<div class=\"elementor-widget-container\">\n\t\t\t\t\t\t\t\t\t<ul><li>Bizonyos kezel\u00e9sek nem javasoltak terhess\u00e9g, s\u00falyos betegs\u00e9gek, fert\u0151z\u0151 betegs\u00e9gek eset\u00e9n.<\/li><li>A kezel\u0151 fenntartja a jogot, hogy elutas\u00edtsa a kezel\u00e9st, amennyiben a vend\u00e9g vagy a kezel\u0151 eg\u00e9szs\u00e9g\u00e9t vesz\u00e9lyeztettn\u00e9.\u00a0<\/li><\/ul>\t\t\t\t\t\t\t\t<\/div>\n\t\t\t\t<\/div>\n\t\t\t\t<div class=\"elementor-element elementor-element-b61619a elementor-widget elementor-widget-heading\" data-id=\"b61619a\" data-element_type=\"widget\" data-e-type=\"widget\" data-widget_type=\"heading.default\">\n\t\t\t\t<div class=\"elementor-widget-container\">\n\t\t\t\t\t<h2 class=\"elementor-heading-title elementor-size-default\">6.Adatkezel\u00e9s<\/h2>\t\t\t\t<\/div>\n\t\t\t\t<\/div>\n\t\t\t\t<div class=\"elementor-element elementor-element-4b3fc55 elementor-widget elementor-widget-text-editor\" data-id=\"4b3fc55\" data-element_type=\"widget\" data-e-type=\"widget\" data-widget_type=\"text-editor.default\">\n\t\t\t\t<div class=\"elementor-widget-container\">\n\t\t\t\t\t\t\t\t\t<ul><li>A vend\u00e9gek szem\u00e9lyes \u00e9s eg\u00e9szs\u00e9g\u00fcgyi adatait bizalmasan kezelem, azokat harmadik f\u00e9l sz\u00e1m\u00e1ra nem adom ki.<\/li><\/ul>\t\t\t\t\t\t\t\t<\/div>\n\t\t\t\t<\/div>\n\t\t\t\t<div class=\"elementor-element elementor-element-788113c elementor-widget elementor-widget-heading\" data-id=\"788113c\" data-element_type=\"widget\" data-e-type=\"widget\" data-widget_type=\"heading.default\">\n\t\t\t\t<div class=\"elementor-widget-container\">\n\t\t\t\t\t<h2 class=\"elementor-heading-title elementor-size-default\">7.Panaszkezel\u00e9s<\/h2>\t\t\t\t<\/div>\n\t\t\t\t<\/div>\n\t\t\t\t<div class=\"elementor-element elementor-element-6d1061a elementor-widget elementor-widget-text-editor\" data-id=\"6d1061a\" data-element_type=\"widget\" data-e-type=\"widget\" data-widget_type=\"text-editor.default\">\n\t\t\t\t<div class=\"elementor-widget-container\">\n\t\t\t\t\t\t\t\t\t<ul><li>B\u00e1rmilyen panasz eset\u00e9n k\u00e9rlek, halad\u00e9ktalanul jelezd a helysz\u00ednen vagy \u00edr\u00e1sban. Mindent megteszek a korrekt \u00e9s gyors megold\u00e1s \u00e9rdek\u00e9ben.<\/li><\/ul>\t\t\t\t\t\t\t\t<\/div>\n\t\t\t\t<\/div>\n\t\t\t\t<div class=\"elementor-element elementor-element-d5a1bca elementor-widget elementor-widget-heading\" data-id=\"d5a1bca\" data-element_type=\"widget\" data-e-type=\"widget\" data-widget_type=\"heading.default\">\n\t\t\t\t<div class=\"elementor-widget-container\">\n\t\t\t\t\t<h2 class=\"elementor-heading-title elementor-size-default\">8.Fizet\u00e9s<\/h2>\t\t\t\t<\/div>\n\t\t\t\t<\/div>\n\t\t\t\t<div class=\"elementor-element elementor-element-0c9d18a elementor-widget elementor-widget-text-editor\" data-id=\"0c9d18a\" data-element_type=\"widget\" data-e-type=\"widget\" data-widget_type=\"text-editor.default\">\n\t\t\t\t<div class=\"elementor-widget-container\">\n\t\t\t\t\t\t\t\t\t<ul><li>Fizet\u00e9s kiz\u00e1r\u00f3lag k\u00e9szp\u00e9nzzel lehets\u00e9ges, bankk\u00e1rty\u00e1s fizet\u00e9s nem \u00e1ll m\u00f3domban elfogadni.<\/li><\/ul>\t\t\t\t\t\t\t\t<\/div>\n\t\t\t\t<\/div>\n\t\t\t\t<div class=\"elementor-element elementor-element-4358575 e-transform elementor-align-center elementor-widget elementor-widget-button\" data-id=\"4358575\" data-element_type=\"widget\" data-e-type=\"widget\" data-settings=\"{&quot;_transform_scale_effect&quot;:{&quot;unit&quot;:&quot;px&quot;,&quot;size&quot;:1.3000000000000000444089209850062616169452667236328125,&quot;sizes&quot;:[]},&quot;motion_fx_motion_fx_mouse&quot;:&quot;yes&quot;,&quot;_transform_scale_effect_tablet&quot;:{&quot;unit&quot;:&quot;px&quot;,&quot;size&quot;:&quot;&quot;,&quot;sizes&quot;:[]},&quot;_transform_scale_effect_mobile&quot;:{&quot;unit&quot;:&quot;px&quot;,&quot;size&quot;:&quot;&quot;,&quot;sizes&quot;:[]}}\" data-widget_type=\"button.default\">\n\t\t\t\t<div class=\"elementor-widget-container\">\n\t\t\t\t\t\t\t\t\t<div class=\"elementor-button-wrapper\">\n\t\t\t\t\t<a class=\"elementor-button elementor-button-link elementor-size-sm elementor-animation-grow\" href=\"https:\/\/studio-r.hu\/?page_id=28\">\n\t\t\t\t\t\t<span class=\"elementor-button-content-wrapper\">\n\t\t\t\t\t\t\t\t\t<span class=\"elementor-button-text\">K\u00e9rek id\u0151pontot!<\/span>\n\t\t\t\t\t<\/span>\n\t\t\t\t\t<\/a>\n\t\t\t\t<\/div>\n\t\t\t\t\t\t\t\t<\/div>\n\t\t\t\t<\/div>\n\t\t\t\t<\/div>\n\t\t\t\t\t<\/div>\n\t\t\t\t<\/div>\n\t\t\t\t<\/div>\n\t\t","protected":false},"excerpt":{"rendered":"<p>\u00d6r\u00fcl\u00f6k,&nbsp;hogy&nbsp;itt&nbsp;vagy! Ahhoz, hogy mindenki j\u00f3l \u00e9rezze mag\u00e1t \u00e9s a kezel\u00e9sek igazi felt\u00f6lt\u0151d\u00e9st ny\u00fajtsanak, \u00f6ssze\u00e1ll\u00edtottam egy k\u00f6nnyen k\u00f6vethet\u0151 h\u00e1zirendet \u2013 csak a zavartalan pihen\u00e9s \u00e9rdek\u00e9ben. 1. \u00c1ltal\u00e1nos tudnival\u00f3k A st\u00fadi\u00f3 kiz\u00e1r\u00f3lag el\u0151zetes id\u0151pontfoglal\u00e1s alapj\u00e1n m\u0171k\u00f6dik. A kezel\u00e9seken val\u00f3 r\u00e9szv\u00e9tel felt\u00e9tele az \u00e9rv\u00e9nyes eg\u00e9szs\u00e9gi \u00e1llapot &#8211; k\u00e9rem, minden esetben jelezd, ha b\u00e1rmilyen eg\u00e9szs\u00e9g\u00fcgyi probl\u00e9m\u00e1d van. A szolg\u00e1ltat\u00e1saimat&#8230;<\/p>\n","protected":false},"author":1,"featured_media":0,"parent":0,"menu_order":0,"comment_status":"closed","ping_status":"closed","template":"","meta":{"_kadence_starter_templates_imported_post":false,"_kad_post_transparent":"","_kad_post_title":"hide","_kad_post_layout":"fullwidth","_kad_post_sidebar_id":"","_kad_post_content_style":"unboxed","_kad_post_vertical_padding":"hide","_kad_post_feature":"hide","_kad_post_feature_position":"","_kad_post_header":false,"_kad_post_footer":false,"footnotes":""},"class_list":["post-35","page","type-page","status-publish","hentry"],"yoast_head":"<!-- This site is optimized with the Yoast SEO plugin v27.1.1 - https:\/\/yoast.com\/product\/yoast-seo-wordpress\/ -->\n<title>H\u00e1zirend - R Studio<\/title>\n<meta name=\"description\" content=\"Fontos inf\u00f3k a g\u00f6rd\u00fcl\u00e9keny k\u00f6z\u00f6s munka \u00e9rdek\u00e9ben \u2013 ismerd meg st\u00fadi\u00f3nk h\u00e1zirendj\u00e9t, hogy a kezel\u00e9sed zavartalan \u00e9s kellemes \u00e9lm\u00e9ny legyen!\" \/>\n<meta name=\"robots\" content=\"index, follow, max-snippet:-1, max-image-preview:large, max-video-preview:-1\" \/>\n<link rel=\"canonical\" href=\"https:\/\/studio-r.hu\/?page_id=35\" \/>\n<meta property=\"og:locale\" content=\"hu_HU\" \/>\n<meta property=\"og:type\" content=\"article\" \/>\n<meta property=\"og:title\" content=\"H\u00e1zirend - R Studio\" \/>\n<meta property=\"og:description\" content=\"Fontos inf\u00f3k a g\u00f6rd\u00fcl\u00e9keny k\u00f6z\u00f6s munka \u00e9rdek\u00e9ben \u2013 ismerd meg st\u00fadi\u00f3nk h\u00e1zirendj\u00e9t, hogy a kezel\u00e9sed zavartalan \u00e9s kellemes \u00e9lm\u00e9ny legyen!\" \/>\n<meta property=\"og:url\" content=\"https:\/\/studio-r.hu\/?page_id=35\" \/>\n<meta property=\"og:site_name\" content=\"R Studio\" \/>\n<meta property=\"article:publisher\" content=\"https:\/\/www.facebook.com\/profile.php?id=61576875952265\" \/>\n<meta property=\"article:modified_time\" content=\"2025-06-11T20:17:47+00:00\" \/>\n<meta property=\"og:image\" content=\"https:\/\/studio-r.hu\/wp-content\/uploads\/2025\/05\/Logo_vegleges-removebg-preview-2.png\" \/>\n\t<meta property=\"og:image:width\" content=\"592\" \/>\n\t<meta property=\"og:image:height\" content=\"421\" \/>\n\t<meta property=\"og:image:type\" content=\"image\/png\" \/>\n<meta name=\"twitter:card\" content=\"summary_large_image\" \/>\n<meta name=\"twitter:label1\" content=\"Becs\u00fclt olvas\u00e1si id\u0151\" \/>\n\t<meta name=\"twitter:data1\" content=\"2 perc\" \/>\n<script type=\"application\/ld+json\" class=\"yoast-schema-graph\">{\"@context\":\"https:\/\/schema.org\",\"@graph\":[{\"@type\":\"WebPage\",\"@id\":\"https:\/\/studio-r.hu\/?page_id=35\",\"url\":\"https:\/\/studio-r.hu\/?page_id=35\",\"name\":\"H\u00e1zirend - R Studio\",\"isPartOf\":{\"@id\":\"https:\/\/studio-r.hu\/#website\"},\"datePublished\":\"2025-05-18T07:59:05+00:00\",\"dateModified\":\"2025-06-11T20:17:47+00:00\",\"description\":\"Fontos inf\u00f3k a g\u00f6rd\u00fcl\u00e9keny k\u00f6z\u00f6s munka \u00e9rdek\u00e9ben \u2013 ismerd meg st\u00fadi\u00f3nk h\u00e1zirendj\u00e9t, hogy a kezel\u00e9sed zavartalan \u00e9s kellemes \u00e9lm\u00e9ny legyen!\",\"breadcrumb\":{\"@id\":\"https:\/\/studio-r.hu\/?page_id=35#breadcrumb\"},\"inLanguage\":\"hu\",\"potentialAction\":[{\"@type\":\"ReadAction\",\"target\":[\"https:\/\/studio-r.hu\/?page_id=35\"]}]},{\"@type\":\"BreadcrumbList\",\"@id\":\"https:\/\/studio-r.hu\/?page_id=35#breadcrumb\",\"itemListElement\":[{\"@type\":\"ListItem\",\"position\":1,\"name\":\"Kezd\u0151lap\",\"item\":\"https:\/\/studio-r.hu\/\"},{\"@type\":\"ListItem\",\"position\":2,\"name\":\"H\u00e1zirend\"}]},{\"@type\":\"WebSite\",\"@id\":\"https:\/\/studio-r.hu\/#website\",\"url\":\"https:\/\/studio-r.hu\/\",\"name\":\"R Studio\",\"description\":\"\",\"publisher\":{\"@id\":\"https:\/\/studio-r.hu\/#organization\"},\"potentialAction\":[{\"@type\":\"SearchAction\",\"target\":{\"@type\":\"EntryPoint\",\"urlTemplate\":\"https:\/\/studio-r.hu\/?s={search_term_string}\"},\"query-input\":{\"@type\":\"PropertyValueSpecification\",\"valueRequired\":true,\"valueName\":\"search_term_string\"}}],\"inLanguage\":\"hu\"},{\"@type\":\"Organization\",\"@id\":\"https:\/\/studio-r.hu\/#organization\",\"name\":\"R Studio\",\"url\":\"https:\/\/studio-r.hu\/\",\"logo\":{\"@type\":\"ImageObject\",\"inLanguage\":\"hu\",\"@id\":\"https:\/\/studio-r.hu\/#\/schema\/logo\/image\/\",\"url\":\"https:\/\/studio-r.hu\/wp-content\/uploads\/2025\/05\/cropped-Logo_vegleges-removebg-preview-2.png\",\"contentUrl\":\"https:\/\/studio-r.hu\/wp-content\/uploads\/2025\/05\/cropped-Logo_vegleges-removebg-preview-2.png\",\"width\":358,\"height\":364,\"caption\":\"R Studio\"},\"image\":{\"@id\":\"https:\/\/studio-r.hu\/#\/schema\/logo\/image\/\"},\"sameAs\":[\"https:\/\/www.facebook.com\/profile.php?id=61576875952265\"]}]}<\/script>\n<!-- \/ Yoast SEO plugin. -->","yoast_head_json":{"title":"H\u00e1zirend - R Studio","description":"Fontos inf\u00f3k a g\u00f6rd\u00fcl\u00e9keny k\u00f6z\u00f6s munka \u00e9rdek\u00e9ben \u2013 ismerd meg st\u00fadi\u00f3nk h\u00e1zirendj\u00e9t, hogy a kezel\u00e9sed zavartalan \u00e9s kellemes \u00e9lm\u00e9ny legyen!","robots":{"index":"index","follow":"follow","max-snippet":"max-snippet:-1","max-image-preview":"max-image-preview:large","max-video-preview":"max-video-preview:-1"},"canonical":"https:\/\/studio-r.hu\/?page_id=35","og_locale":"hu_HU","og_type":"article","og_title":"H\u00e1zirend - R Studio","og_description":"Fontos inf\u00f3k a g\u00f6rd\u00fcl\u00e9keny k\u00f6z\u00f6s munka \u00e9rdek\u00e9ben \u2013 ismerd meg st\u00fadi\u00f3nk h\u00e1zirendj\u00e9t, hogy a kezel\u00e9sed zavartalan \u00e9s kellemes \u00e9lm\u00e9ny legyen!","og_url":"https:\/\/studio-r.hu\/?page_id=35","og_site_name":"R Studio","article_publisher":"https:\/\/www.facebook.com\/profile.php?id=61576875952265","article_modified_time":"2025-06-11T20:17:47+00:00","og_image":[{"width":592,"height":421,"url":"https:\/\/studio-r.hu\/wp-content\/uploads\/2025\/05\/Logo_vegleges-removebg-preview-2.png","type":"image\/png"}],"twitter_card":"summary_large_image","twitter_misc":{"Becs\u00fclt olvas\u00e1si id\u0151":"2 perc"},"schema":{"@context":"https:\/\/schema.org","@graph":[{"@type":"WebPage","@id":"https:\/\/studio-r.hu\/?page_id=35","url":"https:\/\/studio-r.hu\/?page_id=35","name":"H\u00e1zirend - R Studio","isPartOf":{"@id":"https:\/\/studio-r.hu\/#website"},"datePublished":"2025-05-18T07:59:05+00:00","dateModified":"2025-06-11T20:17:47+00:00","description":"Fontos inf\u00f3k a g\u00f6rd\u00fcl\u00e9keny k\u00f6z\u00f6s munka \u00e9rdek\u00e9ben \u2013 ismerd meg st\u00fadi\u00f3nk h\u00e1zirendj\u00e9t, hogy a kezel\u00e9sed zavartalan \u00e9s kellemes \u00e9lm\u00e9ny legyen!","breadcrumb":{"@id":"https:\/\/studio-r.hu\/?page_id=35#breadcrumb"},"inLanguage":"hu","potentialAction":[{"@type":"ReadAction","target":["https:\/\/studio-r.hu\/?page_id=35"]}]},{"@type":"BreadcrumbList","@id":"https:\/\/studio-r.hu\/?page_id=35#breadcrumb","itemListElement":[{"@type":"ListItem","position":1,"name":"Kezd\u0151lap","item":"https:\/\/studio-r.hu\/"},{"@type":"ListItem","position":2,"name":"H\u00e1zirend"}]},{"@type":"WebSite","@id":"https:\/\/studio-r.hu\/#website","url":"https:\/\/studio-r.hu\/","name":"R Studio","description":"","publisher":{"@id":"https:\/\/studio-r.hu\/#organization"},"potentialAction":[{"@type":"SearchAction","target":{"@type":"EntryPoint","urlTemplate":"https:\/\/studio-r.hu\/?s={search_term_string}"},"query-input":{"@type":"PropertyValueSpecification","valueRequired":true,"valueName":"search_term_string"}}],"inLanguage":"hu"},{"@type":"Organization","@id":"https:\/\/studio-r.hu\/#organization","name":"R Studio","url":"https:\/\/studio-r.hu\/","logo":{"@type":"ImageObject","inLanguage":"hu","@id":"https:\/\/studio-r.hu\/#\/schema\/logo\/image\/","url":"https:\/\/studio-r.hu\/wp-content\/uploads\/2025\/05\/cropped-Logo_vegleges-removebg-preview-2.png","contentUrl":"https:\/\/studio-r.hu\/wp-content\/uploads\/2025\/05\/cropped-Logo_vegleges-removebg-preview-2.png","width":358,"height":364,"caption":"R Studio"},"image":{"@id":"https:\/\/studio-r.hu\/#\/schema\/logo\/image\/"},"sameAs":["https:\/\/www.facebook.com\/profile.php?id=61576875952265"]}]}},"_links":{"self":[{"href":"https:\/\/studio-r.hu\/index.php?rest_route=\/wp\/v2\/pages\/35","targetHints":{"allow":["GET"]}}],"collection":[{"href":"https:\/\/studio-r.hu\/index.php?rest_route=\/wp\/v2\/pages"}],"about":[{"href":"https:\/\/studio-r.hu\/index.php?rest_route=\/wp\/v2\/types\/page"}],"author":[{"embeddable":true,"href":"https:\/\/studio-r.hu\/index.php?rest_route=\/wp\/v2\/users\/1"}],"replies":[{"embeddable":true,"href":"https:\/\/studio-r.hu\/index.php?rest_route=%2Fwp%2Fv2%2Fcomments&post=35"}],"version-history":[{"count":80,"href":"https:\/\/studio-r.hu\/index.php?rest_route=\/wp\/v2\/pages\/35\/revisions"}],"predecessor-version":[{"id":1765,"href":"https:\/\/studio-r.hu\/index.php?rest_route=\/wp\/v2\/pages\/35\/revisions\/1765"}],"wp:attachment":[{"href":"https:\/\/studio-r.hu\/index.php?rest_route=%2Fwp%2Fv2%2Fmedia&parent=35"}],"curies":[{"name":"wp","href":"https:\/\/api.w.org\/{rel}","templated":true}]}}